{"id":947,"date":"2023-08-21T14:29:56","date_gmt":"2023-08-21T14:29:56","guid":{"rendered":"https:\/\/lospellines.hotelero.pro\/campamento\/?post_type=product&#038;p=947"},"modified":"2024-01-11T22:11:17","modified_gmt":"2024-01-11T22:11:17","slug":"campamento-light-6-dias-5-noches","status":"publish","type":"product","link":"https:\/\/www.pellineslodge.cl\/campamento\/producto\/campamento-light-6-dias-5-noches\/","title":{"rendered":"Campamento Light 6 d\u00edas \/ 5 noches"},"content":{"rendered":"","protected":false},"excerpt":{"rendered":"<p style=\"font-weight: 400;\">\u00a1Hola!<\/p>\n<p>Estas a punto de adquirir una experiencia \u00fanica para tu hij@ en profundo contacto con la naturaleza, con otros y con ellos mismos. Nuestros Campamentos de Verano son experiencias transformadoras donde los participantes podr\u00e1n fortalecer la relaci\u00f3n con ellos mismos y los otros y mejorar sus habilidades relacionales y de gesti\u00f3n emocional. Al mismo tiempo, que descubren, exploran y fortalecen el v\u00ednculo con los espacios naturales a trav\u00e9s de incre\u00edbles aventuras en la naturaleza.<\/p>\n<p>Una vez que realices tu compra, nos contactaremos contigo a la brevedad.<\/p>\n<p>\u00a1Gracias por preferir nuestras experiencias!<\/p>\n<p>Revisa nuestras politicas Comerciales <a href=\"https:\/\/drive.google.com\/file\/d\/1dAHArMQO-09GEZNReiI4azfjjySd5-1W\/view?usp=sharing\">Aqui<\/a><\/p>\n<p><strong>Puedes acceder a nuestros precios preferenciales y m\u00faltiples beneficios si formas parte de nuestro Club de Apellinados. INSCRIBETE AQUI en <a href=\"https:\/\/www.lospellines.cl\/\">www.lospellines.cl<\/a><\/strong><\/p>\n<p>Experiencia LIGHT 6 dias\/ 5 noches &#8211; $ 650.000.- por participante<\/p>\n<p>Si te unes al club de Apellinados en nuestra web, podr\u00e1s acceder a tarifas preferenciales. una vez inscrito te enviaremos via correo un c\u00f3digo de descuento para estos campamentos.<\/p>\n<p>Valores Con codigo aplicado:<\/p>\n<p>LIGHT- $ 550.000.- (dcto $ 100.000.-)<\/p>\n","protected":false},"featured_media":973,"template":"","meta":[],"product_brand":[],"product_cat":[44],"product_tag":[],"class_list":{"0":"post-947","1":"product","2":"type-product","3":"status-publish","4":"has-post-thumbnail","6":"product_cat-camp-verano-2024","8":"first","9":"instock","10":"featured","11":"shipping-taxable","12":"purchasable","13":"product-type-variable"},"_links":{"self":[{"href":"https:\/\/www.pellineslodge.cl\/campamento\/wp-json\/wp\/v2\/product\/947","targetHints":{"allow":["GET"]}}],"collection":[{"href":"https:\/\/www.pellineslodge.cl\/campamento\/wp-json\/wp\/v2\/product"}],"about":[{"href":"https:\/\/www.pellineslodge.cl\/campamento\/wp-json\/wp\/v2\/types\/product"}],"wp:featuredmedia":[{"embeddable":true,"href":"https:\/\/www.pellineslodge.cl\/campamento\/wp-json\/wp\/v2\/media\/973"}],"wp:attachment":[{"href":"https:\/\/www.pellineslodge.cl\/campamento\/wp-json\/wp\/v2\/media?parent=947"}],"wp:term":[{"taxonomy":"product_brand","embeddable":true,"href":"https:\/\/www.pellineslodge.cl\/campamento\/wp-json\/wp\/v2\/product_brand?post=947"},{"taxonomy":"product_cat","embeddable":true,"href":"https:\/\/www.pellineslodge.cl\/campamento\/wp-json\/wp\/v2\/product_cat?post=947"},{"taxonomy":"product_tag","embeddable":true,"href":"https:\/\/www.pellineslodge.cl\/campamento\/wp-json\/wp\/v2\/product_tag?post=947"}],"curies":[{"name":"wp","href":"https:\/\/api.w.org\/{rel}","templated":true}]}}