{"id":1353,"date":"2024-08-06T14:55:31","date_gmt":"2024-08-06T14:55:31","guid":{"rendered":"https:\/\/lospellines.hotelero.pro\/campamento\/?post_type=product&#038;p=1353"},"modified":"2024-12-04T19:27:53","modified_gmt":"2024-12-04T19:27:53","slug":"campamento-short-4-dias-3-noches-2025","status":"publish","type":"product","link":"https:\/\/www.pellineslodge.cl\/campamento\/producto\/campamento-short-4-dias-3-noches-2025\/","title":{"rendered":"Campamento Short: 4 d\u00edas \/ 3 noches 2025"},"content":{"rendered":"","protected":false},"excerpt":{"rendered":"<p><b>Una versi\u00f3n breve pero intensa del campamento: Campamento Short.<\/b><span style=\"font-weight: 400;\"> Perfecto para quienes buscan una introducci\u00f3n al mundo de los campamentos o disponen de poco tiempo. En 4 d\u00edas y 3 noches, los participantes disfrutan de una variedad de actividades dise\u00f1adas para ofrecer una experiencia completa en la naturaleza. Desde din\u00e1micas de grupo y desaf\u00edos al aire libre, hasta noches bajo las estrellas, este campamento es una excelente oportunidad para explorar nuevas habilidades, hacer amigos y vivir una aventura compacta pero significativa.<\/span><span style=\"font-weight: 400;\"><br \/>\n<\/span><b>Duraci\u00f3n:<\/b><span style=\"font-weight: 400;\"> 4 d\u00edas y 3 noches<\/span><span style=\"font-weight: 400;\"><br \/>\n<\/span><b>Fechas:<\/b><\/p>\n<ul>\n<li style=\"font-weight: 400;\" aria-level=\"1\"><span style=\"font-weight: 400;\">jueves 9 al domingo 12 de enero 2025<\/span><span style=\"font-weight: 400;\"><br \/>\n<\/span><b>Valor:<\/b><span style=\"font-weight: 400;\"> $662.000.-<\/span><span style=\"font-weight: 400;\"><br \/>\n<\/span><b>Consideraciones:<\/b><\/li>\n<li style=\"font-weight: 400;\" aria-level=\"1\"><span style=\"font-weight: 400;\">Accede a valores preferenciales inscribi\u00e9ndote en el Club de Apellinados en nuestra web:<\/span><a href=\"http:\/\/www.lospellines.cl\/\"> <span style=\"font-weight: 400;\">www.lospellines.cl<\/span><\/a><\/li>\n<\/ul>\n<h3><b>Servicios incluidos:<\/b><\/h3>\n<ul>\n<li style=\"font-weight: 400;\" aria-level=\"1\"><span style=\"font-weight: 400;\">Todas las actividades y materiales para actividades<\/span><\/li>\n<li style=\"font-weight: 400;\" aria-level=\"1\"><span style=\"font-weight: 400;\">Equipamientos de seguridad<\/span><\/li>\n<li style=\"font-weight: 400;\" aria-level=\"1\"><span style=\"font-weight: 400;\">Servicios de primeros auxilios<\/span><\/li>\n<li style=\"font-weight: 400;\" aria-level=\"1\"><span style=\"font-weight: 400;\">Todas las comidas<\/span><\/li>\n<li style=\"font-weight: 400;\" aria-level=\"1\"><span style=\"font-weight: 400;\">Alojamiento en refugio<\/span><\/li>\n<li style=\"font-weight: 400;\" aria-level=\"1\"><span style=\"font-weight: 400;\">Animales de granja<\/span><\/li>\n<li style=\"font-weight: 400;\" aria-level=\"1\"><span style=\"font-weight: 400;\">1 facilitador cada 5 participantes<\/span><\/li>\n<li style=\"font-weight: 400;\" aria-level=\"1\"><span style=\"font-weight: 400;\">Transporte desde Chill\u00e1n<\/span><\/li>\n<li style=\"font-weight: 400;\" aria-level=\"1\"><span style=\"font-weight: 400;\">Seguro complementario Metlife<\/span><\/li>\n<li style=\"font-weight: 400;\" aria-level=\"1\"><span style=\"font-weight: 400;\">Reportes diarios de las actividades<\/span><\/li>\n<li style=\"font-weight: 400;\" aria-level=\"1\"><span style=\"font-weight: 400;\">Conversaci\u00f3n previa con psic\u00f3loga de Los Pellines<\/span><\/li>\n<\/ul>\n<p>&nbsp;<\/p>\n<p><strong>Realiza tu compra anticipada hasta el 20 de diciembre y accede a un 25% de descuento en el total de tu compra. Al hacerlo, te inscribir\u00e1s autom\u00e1ticamente en nuestro Club de Apellinados, donde podr\u00e1s disfrutar de un mundo de beneficios y descuentos. Utiliza el c\u00f3digo: CDV2025% en tu compra.<\/strong><\/p>\n","protected":false},"featured_media":1356,"template":"","meta":[],"product_brand":[],"product_cat":[49],"product_tag":[],"class_list":{"0":"post-1353","1":"product","2":"type-product","3":"status-publish","4":"has-post-thumbnail","6":"product_cat-campamentos-2025","8":"first","9":"instock","10":"featured","11":"shipping-taxable","12":"purchasable","13":"product-type-simple"},"_links":{"self":[{"href":"https:\/\/www.pellineslodge.cl\/campamento\/wp-json\/wp\/v2\/product\/1353","targetHints":{"allow":["GET"]}}],"collection":[{"href":"https:\/\/www.pellineslodge.cl\/campamento\/wp-json\/wp\/v2\/product"}],"about":[{"href":"https:\/\/www.pellineslodge.cl\/campamento\/wp-json\/wp\/v2\/types\/product"}],"wp:featuredmedia":[{"embeddable":true,"href":"https:\/\/www.pellineslodge.cl\/campamento\/wp-json\/wp\/v2\/media\/1356"}],"wp:attachment":[{"href":"https:\/\/www.pellineslodge.cl\/campamento\/wp-json\/wp\/v2\/media?parent=1353"}],"wp:term":[{"taxonomy":"product_brand","embeddable":true,"href":"https:\/\/www.pellineslodge.cl\/campamento\/wp-json\/wp\/v2\/product_brand?post=1353"},{"taxonomy":"product_cat","embeddable":true,"href":"https:\/\/www.pellineslodge.cl\/campamento\/wp-json\/wp\/v2\/product_cat?post=1353"},{"taxonomy":"product_tag","embeddable":true,"href":"https:\/\/www.pellineslodge.cl\/campamento\/wp-json\/wp\/v2\/product_tag?post=1353"}],"curies":[{"name":"wp","href":"https:\/\/api.w.org\/{rel}","templated":true}]}}