{"id":1335,"date":"2024-08-06T14:37:27","date_gmt":"2024-08-06T14:37:27","guid":{"rendered":"https:\/\/lospellines.hotelero.pro\/campamento\/?post_type=product&#038;p=1335"},"modified":"2024-12-04T19:30:04","modified_gmt":"2024-12-04T19:30:04","slug":"campamento-light-6-dias-5-noches-2025","status":"publish","type":"product","link":"https:\/\/www.pellineslodge.cl\/campamento\/producto\/campamento-light-6-dias-5-noches-2025\/","title":{"rendered":"Campamento Light: 6 d\u00edas \/ 5 noches 2025"},"content":{"rendered":"","protected":false},"excerpt":{"rendered":"<p><b>Intensidad en 6 d\u00edas: vive la experiencia \u00fanica del Campamento Light.<\/b><span style=\"font-weight: 400;\"> Este campamento est\u00e1 dise\u00f1ado para aquellos que buscan una experiencia enriquecedora en un tiempo m\u00e1s corto. Durante 6 d\u00edas y 5 noches, los participantes se sumergen en actividades al aire libre, desde senderismo y cabalgatas, hasta talleres de gesti\u00f3n emocional y liderazgo. Ideal para quienes desean un equilibrio entre diversi\u00f3n y desarrollo personal, aprovechando cada momento para conectar con la naturaleza y con otros j\u00f3venes en un entorno seguro y estimulante.<\/span><span style=\"font-weight: 400;\"><br \/>\n<\/span><b>Duraci\u00f3n:<\/b><span style=\"font-weight: 400;\"> 6 d\u00edas y 5 noches<\/span><span style=\"font-weight: 400;\"><br \/>\n<\/span><b>Fechas:<\/b><\/p>\n<ul>\n<li style=\"font-weight: 400;\" aria-level=\"1\"><span style=\"font-weight: 400;\">viernes 3 al mi\u00e9rcoles 8 de enero 2025<\/span><\/li>\n<li style=\"font-weight: 400;\" aria-level=\"1\"><span style=\"font-weight: 400;\">martes 7 al domingo 12 de enero 2025<\/span><span style=\"font-weight: 400;\"><br \/>\n<\/span><b>Valor:<\/b><span style=\"font-weight: 400;\"> $932.000.-<\/span><\/li>\n<\/ul>\n<p><b>Consideraciones:<\/b><\/p>\n<ul>\n<li style=\"font-weight: 400;\" aria-level=\"1\"><span style=\"font-weight: 400;\">Accede a valores preferenciales inscribi\u00e9ndote en el Club de Apellinados en nuestra web:<\/span><a href=\"http:\/\/www.lospellines.cl\/\"> <span style=\"font-weight: 400;\">www.lospellines.cl<\/span><\/a><\/li>\n<li style=\"font-weight: 400;\" aria-level=\"1\"><span style=\"font-weight: 400;\">Si deseas, puedes extender tu estad\u00eda una vez iniciado el campamento cancelando la diferencia entre una duraci\u00f3n menor y la duraci\u00f3n mayor.<\/span><\/li>\n<\/ul>\n<h3><b>Servicios incluidos:<\/b><\/h3>\n<ul>\n<li style=\"font-weight: 400;\" aria-level=\"1\"><span style=\"font-weight: 400;\">Todas las actividades y materiales para actividades<\/span><\/li>\n<li style=\"font-weight: 400;\" aria-level=\"1\"><span style=\"font-weight: 400;\">Equipamientos de seguridad<\/span><\/li>\n<li style=\"font-weight: 400;\" aria-level=\"1\"><span style=\"font-weight: 400;\">Servicios de primeros auxilios<\/span><\/li>\n<li style=\"font-weight: 400;\" aria-level=\"1\"><span style=\"font-weight: 400;\">Todas las comidas<\/span><\/li>\n<li style=\"font-weight: 400;\" aria-level=\"1\"><span style=\"font-weight: 400;\">Alojamiento en refugio<\/span><\/li>\n<li style=\"font-weight: 400;\" aria-level=\"1\"><span style=\"font-weight: 400;\">Animales de granja<\/span><\/li>\n<li style=\"font-weight: 400;\" aria-level=\"1\"><span style=\"font-weight: 400;\">1 facilitador cada 5 participantes<\/span><\/li>\n<li style=\"font-weight: 400;\" aria-level=\"1\"><span style=\"font-weight: 400;\">Transporte desde Chill\u00e1n<\/span><\/li>\n<li style=\"font-weight: 400;\" aria-level=\"1\"><span style=\"font-weight: 400;\">Seguro complementario Metlife<\/span><\/li>\n<li style=\"font-weight: 400;\" aria-level=\"1\"><span style=\"font-weight: 400;\">Reportes diarios de las actividades<\/span><\/li>\n<li style=\"font-weight: 400;\" aria-level=\"1\"><span style=\"font-weight: 400;\">Conversaci\u00f3n previa con psic\u00f3loga de Los Pellines<\/span><\/li>\n<\/ul>\n<p>&nbsp;<\/p>\n<p><strong>Realiza tu compra anticipada hasta el 20 de diciembre y accede a un 25% de descuento en el total de tu compra. Al hacerlo, te inscribir\u00e1s autom\u00e1ticamente en nuestro Club de Apellinados, donde podr\u00e1s disfrutar de un mundo de beneficios y descuentos. Utiliza el c\u00f3digo: CDV2025% en tu compra.<\/strong><\/p>\n","protected":false},"featured_media":1340,"template":"","meta":[],"product_brand":[],"product_cat":[49],"product_tag":[],"class_list":{"0":"post-1335","1":"product","2":"type-product","3":"status-publish","4":"has-post-thumbnail","6":"product_cat-campamentos-2025","8":"first","9":"instock","10":"featured","11":"shipping-taxable","12":"purchasable","13":"product-type-variable"},"_links":{"self":[{"href":"https:\/\/www.pellineslodge.cl\/campamento\/wp-json\/wp\/v2\/product\/1335","targetHints":{"allow":["GET"]}}],"collection":[{"href":"https:\/\/www.pellineslodge.cl\/campamento\/wp-json\/wp\/v2\/product"}],"about":[{"href":"https:\/\/www.pellineslodge.cl\/campamento\/wp-json\/wp\/v2\/types\/product"}],"wp:featuredmedia":[{"embeddable":true,"href":"https:\/\/www.pellineslodge.cl\/campamento\/wp-json\/wp\/v2\/media\/1340"}],"wp:attachment":[{"href":"https:\/\/www.pellineslodge.cl\/campamento\/wp-json\/wp\/v2\/media?parent=1335"}],"wp:term":[{"taxonomy":"product_brand","embeddable":true,"href":"https:\/\/www.pellineslodge.cl\/campamento\/wp-json\/wp\/v2\/product_brand?post=1335"},{"taxonomy":"product_cat","embeddable":true,"href":"https:\/\/www.pellineslodge.cl\/campamento\/wp-json\/wp\/v2\/product_cat?post=1335"},{"taxonomy":"product_tag","embeddable":true,"href":"https:\/\/www.pellineslodge.cl\/campamento\/wp-json\/wp\/v2\/product_tag?post=1335"}],"curies":[{"name":"wp","href":"https:\/\/api.w.org\/{rel}","templated":true}]}}